{"id":2427,"date":"2025-08-08T21:41:37","date_gmt":"2025-08-08T19:41:37","guid":{"rendered":"https:\/\/marius.be\/?page_id=2427"},"modified":"2025-08-20T21:33:11","modified_gmt":"2025-08-20T19:33:11","slug":"point-de-vue","status":"publish","type":"page","link":"https:\/\/marius.be\/fr\/archive\/point-de-vue\/","title":{"rendered":"Point de vue"},"content":{"rendered":"\n<div class=\"container\">\n    <section class=\"block b-text pt-40 pb-0 \">\n                    <div class=\"text-body u-text-md text-left\">\n                <p>Pour la pr\u00e9sentation des spectacles audio, la compagnie fait b\u00e2tir un \u00e9chafaudage en 2018 que le spectateur \u2013 muni d\u2019un casque de s\u00e9curit\u00e9 avec des \u00e9couteurs int\u00e9gr\u00e9s \u2013 escalade. L\u2019\u00e9chafaudage fait 8m de haut. Waas Gramser (conception), Peter Haverhals (r\u00e9alisation), Maarten Baarda (r\u00e9alisation), Dago Sondervan (casques sonores).<\/p>\n            <\/div>\n            <\/section>\n<\/div>\n\n\n\n<section class=\"block b-gallery py-40 pt-0 pb-15 \">\n    <div class=\"container\">\n                <div class=\"px-15 mx-n0 mb-20\">\n            <div class=\"row \">\n                                    <div class=\"b-gallery__item col-12 col-lg-4 px-0 pt-0\">\n                                                    <a href=\"https:\/\/marius.be\/wp-content\/uploads\/2023\/05\/stelling-1-e1563962050677.jpg\" class=\"venobox\" data-gall=\"venobox\">\n                                                        <figure>\n                                <img loading=\"lazy\" decoding=\"async\" width=\"600\" height=\"450\" src=\"https:\/\/marius.be\/wp-content\/uploads\/2023\/05\/stelling-1-e1563962050677-800x600.jpg\" class=\"img-fluid u-gray-image\" alt=\"stelling-1-e1563962050677\" title=\"stelling-1-e1563962050677\" \/>                            <\/figure>\n                                                        <\/a>\n                                            <\/div>\n                                    <div class=\"b-gallery__item col-12 col-lg-4 px-0 pt-0\">\n                                                    <a href=\"https:\/\/marius.be\/wp-content\/uploads\/2023\/05\/stelling-13-e1563962481111.jpg\" class=\"venobox\" data-gall=\"venobox\">\n                                                        <figure>\n                                <img loading=\"lazy\" decoding=\"async\" width=\"600\" height=\"450\" src=\"https:\/\/marius.be\/wp-content\/uploads\/2023\/05\/stelling-13-e1563962481111-800x600.jpg\" class=\"img-fluid u-gray-image\" alt=\"stelling-13-e1563962481111\" title=\"stelling-13-e1563962481111\" \/>                            <\/figure>\n                                                        <\/a>\n                                            <\/div>\n                                    <div class=\"b-gallery__item col-12 col-lg-4 px-0 pt-0\">\n                                                    <a href=\"https:\/\/marius.be\/wp-content\/uploads\/2023\/05\/Stelling-Stelling-e1551559288104.jpg\" class=\"venobox\" data-gall=\"venobox\">\n                                                        <figure>\n                                <img loading=\"lazy\" decoding=\"async\" width=\"600\" height=\"450\" src=\"https:\/\/marius.be\/wp-content\/uploads\/2023\/05\/Stelling-Stelling-e1551559288104-800x600.jpg\" class=\"img-fluid u-gray-image\" alt=\"Stelling-Stelling-e1551559288104\" title=\"Stelling-Stelling-e1551559288104\" \/>                            <\/figure>\n                                                        <\/a>\n                                            <\/div>\n                                    <div class=\"b-gallery__item col-12 col-lg-4 px-0 pt-0\">\n                                                    <a href=\"https:\/\/marius.be\/wp-content\/uploads\/2023\/05\/zwart-wit-1-e1563962364885.jpg\" class=\"venobox\" data-gall=\"venobox\">\n                                                        <figure>\n                                <img loading=\"lazy\" decoding=\"async\" width=\"600\" height=\"450\" src=\"https:\/\/marius.be\/wp-content\/uploads\/2023\/05\/zwart-wit-1-e1563962364885-800x600.jpg\" class=\"img-fluid u-gray-image\" alt=\"zwart-wit-1-e1563962364885\" title=\"zwart-wit-1-e1563962364885\" \/>                            <\/figure>\n                                                        <\/a>\n                                            <\/div>\n                                    <div class=\"b-gallery__item col-12 col-lg-4 px-0 pt-0\">\n                                                    <a href=\"https:\/\/marius.be\/wp-content\/uploads\/2023\/05\/zwart-wit-4-e1563961821417.jpg\" class=\"venobox\" data-gall=\"venobox\">\n                                                        <figure>\n                                <img loading=\"lazy\" decoding=\"async\" width=\"600\" height=\"450\" src=\"https:\/\/marius.be\/wp-content\/uploads\/2023\/05\/zwart-wit-4-e1563961821417-800x600.jpg\" class=\"img-fluid u-gray-image\" alt=\"zwart-wit-4-e1563961821417\" title=\"zwart-wit-4-e1563961821417\" \/>                            <\/figure>\n                                                        <\/a>\n                                            <\/div>\n                                    <div class=\"b-gallery__item col-12 col-lg-4 px-0 pt-0\">\n                                                    <a href=\"https:\/\/marius.be\/wp-content\/uploads\/2023\/05\/zwart-wit-9-e1563962307238.jpg\" class=\"venobox\" data-gall=\"venobox\">\n                                                        <figure>\n                                <img loading=\"lazy\" decoding=\"async\" width=\"600\" height=\"450\" src=\"https:\/\/marius.be\/wp-content\/uploads\/2023\/05\/zwart-wit-9-e1563962307238-800x600.jpg\" class=\"img-fluid u-gray-image\" alt=\"zwart-wit-9-e1563962307238\" title=\"zwart-wit-9-e1563962307238\" \/>                            <\/figure>\n                                                        <\/a>\n                                            <\/div>\n                            <\/div>\n        <\/div>\n            <\/div>\n<\/section>","protected":false},"excerpt":{"rendered":"","protected":false},"author":1,"featured_media":2415,"parent":2214,"menu_order":0,"comment_status":"closed","ping_status":"closed","template":"","meta":{"_acf_changed":false,"footnotes":""},"class_list":["post-2427","page","type-page","status-publish","has-post-thumbnail","hentry"],"acf":[],"yoast_head":"<!-- This site is optimized with the Yoast SEO plugin v27.6 - https:\/\/yoast.com\/product\/yoast-seo-wordpress\/ -->\n<title>Point de vue - Comp. Marius<\/title>\n<meta name=\"robots\" content=\"index, follow, max-snippet:-1, max-image-preview:large, max-video-preview:-1\" \/>\n<link rel=\"canonical\" href=\"https:\/\/marius.be\/fr\/archive\/point-de-vue\/\" \/>\n<meta property=\"og:locale\" content=\"fr_FR\" \/>\n<meta property=\"og:type\" content=\"article\" \/>\n<meta property=\"og:title\" content=\"Point de vue - Comp. Marius\" \/>\n<meta property=\"og:url\" content=\"https:\/\/marius.be\/fr\/archive\/point-de-vue\/\" \/>\n<meta property=\"og:site_name\" content=\"Comp. Marius\" \/>\n<meta property=\"article:publisher\" content=\"https:\/\/www.facebook.com\/comp.marius\" \/>\n<meta property=\"article:modified_time\" content=\"2025-08-20T19:33:11+00:00\" \/>\n<meta property=\"og:image\" content=\"https:\/\/marius.be\/wp-content\/uploads\/2025\/08\/stelling-e1755005608782.jpg\" \/>\n\t<meta property=\"og:image:width\" content=\"800\" \/>\n\t<meta property=\"og:image:height\" content=\"312\" \/>\n\t<meta property=\"og:image:type\" content=\"image\/jpeg\" \/>\n<meta name=\"twitter:card\" content=\"summary_large_image\" \/>\n<meta name=\"twitter:label1\" content=\"Dur\u00e9e de lecture estim\u00e9e\" \/>\n\t<meta name=\"twitter:data1\" content=\"1 minute\" \/>\n<script type=\"application\/ld+json\" class=\"yoast-schema-graph\">{\"@context\":\"https:\\\/\\\/schema.org\",\"@graph\":[{\"@type\":\"WebPage\",\"@id\":\"https:\\\/\\\/marius.be\\\/fr\\\/archive\\\/point-de-vue\\\/\",\"url\":\"https:\\\/\\\/marius.be\\\/fr\\\/archive\\\/point-de-vue\\\/\",\"name\":\"Point de vue - Comp. Marius\",\"isPartOf\":{\"@id\":\"https:\\\/\\\/marius.be\\\/#website\"},\"primaryImageOfPage\":{\"@id\":\"https:\\\/\\\/marius.be\\\/fr\\\/archive\\\/point-de-vue\\\/#primaryimage\"},\"image\":{\"@id\":\"https:\\\/\\\/marius.be\\\/fr\\\/archive\\\/point-de-vue\\\/#primaryimage\"},\"thumbnailUrl\":\"https:\\\/\\\/marius.be\\\/wp-content\\\/uploads\\\/2025\\\/08\\\/stelling-e1755005608782.jpg\",\"datePublished\":\"2025-08-08T19:41:37+00:00\",\"dateModified\":\"2025-08-20T19:33:11+00:00\",\"breadcrumb\":{\"@id\":\"https:\\\/\\\/marius.be\\\/fr\\\/archive\\\/point-de-vue\\\/#breadcrumb\"},\"inLanguage\":\"fr-FR\",\"potentialAction\":[{\"@type\":\"ReadAction\",\"target\":[\"https:\\\/\\\/marius.be\\\/fr\\\/archive\\\/point-de-vue\\\/\"]}]},{\"@type\":\"ImageObject\",\"inLanguage\":\"fr-FR\",\"@id\":\"https:\\\/\\\/marius.be\\\/fr\\\/archive\\\/point-de-vue\\\/#primaryimage\",\"url\":\"https:\\\/\\\/marius.be\\\/wp-content\\\/uploads\\\/2025\\\/08\\\/stelling-e1755005608782.jpg\",\"contentUrl\":\"https:\\\/\\\/marius.be\\\/wp-content\\\/uploads\\\/2025\\\/08\\\/stelling-e1755005608782.jpg\",\"width\":800,\"height\":312},{\"@type\":\"BreadcrumbList\",\"@id\":\"https:\\\/\\\/marius.be\\\/fr\\\/archive\\\/point-de-vue\\\/#breadcrumb\",\"itemListElement\":[{\"@type\":\"ListItem\",\"position\":1,\"name\":\"Home\",\"item\":\"https:\\\/\\\/marius.be\\\/fr\\\/\"},{\"@type\":\"ListItem\",\"position\":2,\"name\":\"Archives\",\"item\":\"https:\\\/\\\/marius.be\\\/fr\\\/archive\\\/\"},{\"@type\":\"ListItem\",\"position\":3,\"name\":\"Point de vue\"}]},{\"@type\":\"WebSite\",\"@id\":\"https:\\\/\\\/marius.be\\\/#website\",\"url\":\"https:\\\/\\\/marius.be\\\/\",\"name\":\"Comp. Marius\",\"description\":\"Toneelspelers op locatie en in de zetel\",\"publisher\":{\"@id\":\"https:\\\/\\\/marius.be\\\/#organization\"},\"potentialAction\":[{\"@type\":\"SearchAction\",\"target\":{\"@type\":\"EntryPoint\",\"urlTemplate\":\"https:\\\/\\\/marius.be\\\/?s={search_term_string}\"},\"query-input\":{\"@type\":\"PropertyValueSpecification\",\"valueRequired\":true,\"valueName\":\"search_term_string\"}}],\"inLanguage\":\"fr-FR\"},{\"@type\":\"Organization\",\"@id\":\"https:\\\/\\\/marius.be\\\/#organization\",\"name\":\"Comp. Marius\",\"url\":\"https:\\\/\\\/marius.be\\\/\",\"logo\":{\"@type\":\"ImageObject\",\"inLanguage\":\"fr-FR\",\"@id\":\"https:\\\/\\\/marius.be\\\/#\\\/schema\\\/logo\\\/image\\\/\",\"url\":\"https:\\\/\\\/marius.be\\\/wp-content\\\/uploads\\\/2023\\\/05\\\/logo_marius.png\",\"contentUrl\":\"https:\\\/\\\/marius.be\\\/wp-content\\\/uploads\\\/2023\\\/05\\\/logo_marius.png\",\"width\":620,\"height\":198,\"caption\":\"Comp. Marius\"},\"image\":{\"@id\":\"https:\\\/\\\/marius.be\\\/#\\\/schema\\\/logo\\\/image\\\/\"},\"sameAs\":[\"https:\\\/\\\/www.facebook.com\\\/comp.marius\",\"https:\\\/\\\/www.instagram.com\\\/comp.marius\\\/\",\"https:\\\/\\\/vimeo.com\\\/showcase\\\/6957247\"]}]}<\/script>\n<!-- \/ Yoast SEO plugin. -->","yoast_head_json":{"title":"Point de vue - Comp. Marius","robots":{"index":"index","follow":"follow","max-snippet":"max-snippet:-1","max-image-preview":"max-image-preview:large","max-video-preview":"max-video-preview:-1"},"canonical":"https:\/\/marius.be\/fr\/archive\/point-de-vue\/","og_locale":"fr_FR","og_type":"article","og_title":"Point de vue - Comp. Marius","og_url":"https:\/\/marius.be\/fr\/archive\/point-de-vue\/","og_site_name":"Comp. Marius","article_publisher":"https:\/\/www.facebook.com\/comp.marius","article_modified_time":"2025-08-20T19:33:11+00:00","og_image":[{"width":800,"height":312,"url":"https:\/\/marius.be\/wp-content\/uploads\/2025\/08\/stelling-e1755005608782.jpg","type":"image\/jpeg"}],"twitter_card":"summary_large_image","twitter_misc":{"Dur\u00e9e de lecture estim\u00e9e":"1 minute"},"schema":{"@context":"https:\/\/schema.org","@graph":[{"@type":"WebPage","@id":"https:\/\/marius.be\/fr\/archive\/point-de-vue\/","url":"https:\/\/marius.be\/fr\/archive\/point-de-vue\/","name":"Point de vue - Comp. Marius","isPartOf":{"@id":"https:\/\/marius.be\/#website"},"primaryImageOfPage":{"@id":"https:\/\/marius.be\/fr\/archive\/point-de-vue\/#primaryimage"},"image":{"@id":"https:\/\/marius.be\/fr\/archive\/point-de-vue\/#primaryimage"},"thumbnailUrl":"https:\/\/marius.be\/wp-content\/uploads\/2025\/08\/stelling-e1755005608782.jpg","datePublished":"2025-08-08T19:41:37+00:00","dateModified":"2025-08-20T19:33:11+00:00","breadcrumb":{"@id":"https:\/\/marius.be\/fr\/archive\/point-de-vue\/#breadcrumb"},"inLanguage":"fr-FR","potentialAction":[{"@type":"ReadAction","target":["https:\/\/marius.be\/fr\/archive\/point-de-vue\/"]}]},{"@type":"ImageObject","inLanguage":"fr-FR","@id":"https:\/\/marius.be\/fr\/archive\/point-de-vue\/#primaryimage","url":"https:\/\/marius.be\/wp-content\/uploads\/2025\/08\/stelling-e1755005608782.jpg","contentUrl":"https:\/\/marius.be\/wp-content\/uploads\/2025\/08\/stelling-e1755005608782.jpg","width":800,"height":312},{"@type":"BreadcrumbList","@id":"https:\/\/marius.be\/fr\/archive\/point-de-vue\/#breadcrumb","itemListElement":[{"@type":"ListItem","position":1,"name":"Home","item":"https:\/\/marius.be\/fr\/"},{"@type":"ListItem","position":2,"name":"Archives","item":"https:\/\/marius.be\/fr\/archive\/"},{"@type":"ListItem","position":3,"name":"Point de vue"}]},{"@type":"WebSite","@id":"https:\/\/marius.be\/#website","url":"https:\/\/marius.be\/","name":"Comp. Marius","description":"Toneelspelers op locatie en in de zetel","publisher":{"@id":"https:\/\/marius.be\/#organization"},"potentialAction":[{"@type":"SearchAction","target":{"@type":"EntryPoint","urlTemplate":"https:\/\/marius.be\/?s={search_term_string}"},"query-input":{"@type":"PropertyValueSpecification","valueRequired":true,"valueName":"search_term_string"}}],"inLanguage":"fr-FR"},{"@type":"Organization","@id":"https:\/\/marius.be\/#organization","name":"Comp. Marius","url":"https:\/\/marius.be\/","logo":{"@type":"ImageObject","inLanguage":"fr-FR","@id":"https:\/\/marius.be\/#\/schema\/logo\/image\/","url":"https:\/\/marius.be\/wp-content\/uploads\/2023\/05\/logo_marius.png","contentUrl":"https:\/\/marius.be\/wp-content\/uploads\/2023\/05\/logo_marius.png","width":620,"height":198,"caption":"Comp. Marius"},"image":{"@id":"https:\/\/marius.be\/#\/schema\/logo\/image\/"},"sameAs":["https:\/\/www.facebook.com\/comp.marius","https:\/\/www.instagram.com\/comp.marius\/","https:\/\/vimeo.com\/showcase\/6957247"]}]}},"_links":{"self":[{"href":"https:\/\/marius.be\/fr\/wp-json\/wp\/v2\/pages\/2427","targetHints":{"allow":["GET"]}}],"collection":[{"href":"https:\/\/marius.be\/fr\/wp-json\/wp\/v2\/pages"}],"about":[{"href":"https:\/\/marius.be\/fr\/wp-json\/wp\/v2\/types\/page"}],"author":[{"embeddable":true,"href":"https:\/\/marius.be\/fr\/wp-json\/wp\/v2\/users\/1"}],"replies":[{"embeddable":true,"href":"https:\/\/marius.be\/fr\/wp-json\/wp\/v2\/comments?post=2427"}],"version-history":[{"count":3,"href":"https:\/\/marius.be\/fr\/wp-json\/wp\/v2\/pages\/2427\/revisions"}],"predecessor-version":[{"id":2483,"href":"https:\/\/marius.be\/fr\/wp-json\/wp\/v2\/pages\/2427\/revisions\/2483"}],"up":[{"embeddable":true,"href":"https:\/\/marius.be\/fr\/wp-json\/wp\/v2\/pages\/2214"}],"wp:featuredmedia":[{"embeddable":true,"href":"https:\/\/marius.be\/fr\/wp-json\/wp\/v2\/media\/2415"}],"wp:attachment":[{"href":"https:\/\/marius.be\/fr\/wp-json\/wp\/v2\/media?parent=2427"}],"curies":[{"name":"wp","href":"https:\/\/api.w.org\/{rel}","templated":true}]}}